{"id":91263,"date":"2026-01-13T12:06:38","date_gmt":"2026-01-13T12:06:38","guid":{"rendered":"https:\/\/conversiona.me\/callandride2025\/qui-nous-sommes\/"},"modified":"2026-02-25T11:13:44","modified_gmt":"2026-02-25T11:13:44","slug":"qui-sommes-nous","status":"publish","type":"page","link":"https:\/\/callandridemallorca.com\/fr\/qui-sommes-nous\/","title":{"rendered":"qui nous sommes"},"content":{"rendered":"\t\t<div data-elementor-type=\"wp-page\" data-elementor-id=\"91263\" class=\"elementor elementor-91263 elementor-810\" data-elementor-post-type=\"page\">\n\t\t\t\t\t\t<section class=\"elementor-section elementor-top-section elementor-element elementor-element-4544e273 elementor-section-height-min-height elementor-section-items-top elementor-section-boxed elementor-section-height-default\" data-id=\"4544e273\" data-element_type=\"section\" data-e-type=\"section\" data-settings=\"{&quot;background_background&quot;:&quot;classic&quot;}\">\n\t\t\t\t\t\t<div class=\"elementor-container elementor-column-gap-default\">\n\t\t\t\t\t<div class=\"elementor-column elementor-col-50 elementor-top-column elementor-element elementor-element-50e36e8c\" data-id=\"50e36e8c\" data-element_type=\"column\" data-e-type=\"column\">\n\t\t\t<div class=\"elementor-widget-wrap elementor-element-populated\">\n\t\t\t\t\t\t<div class=\"elementor-element elementor-element-60b6d0d3 elementor-widget__width-initial elementor-invisible elementor-widget elementor-widget-heading\" data-id=\"60b6d0d3\" data-element_type=\"widget\" data-e-type=\"widget\" data-settings=\"{&quot;_animation&quot;:&quot;fadeIn&quot;,&quot;_animation_delay&quot;:200}\" data-widget_type=\"heading.default\">\n\t\t\t\t\t<h1 class=\"elementor-heading-title elementor-size-default\">\u00c0 propos de nous<\/h1>\t\t\t\t<\/div>\n\t\t\t\t<div class=\"elementor-element elementor-element-43c08c6 elementor-align-left elementor-mobile-align-center elementor-widget elementor-widget-button\" data-id=\"43c08c6\" data-element_type=\"widget\" data-e-type=\"widget\" data-widget_type=\"button.default\">\n\t\t\t\t\t\t\t\t\t\t<a class=\"elementor-button elementor-button-link elementor-size-sm\" href=\"#team\">\n\t\t\t\t\t\t<span class=\"elementor-button-content-wrapper\">\n\t\t\t\t\t\t\t\t\t<span class=\"elementor-button-text\">Notre \u00e9quipe<\/span>\n\t\t\t\t\t<\/span>\n\t\t\t\t\t<\/a>\n\t\t\t\t\t\t\t\t<\/div>\n\t\t\t\t\t<\/div>\n\t\t<\/div>\n\t\t\t\t<div class=\"elementor-column elementor-col-50 elementor-top-column elementor-element elementor-element-2c4a25f6\" data-id=\"2c4a25f6\" data-element_type=\"column\" data-e-type=\"column\">\n\t\t\t<div class=\"elementor-widget-wrap\">\n\t\t\t\t\t\t\t<\/div>\n\t\t<\/div>\n\t\t\t\t\t<\/div>\n\t\t<\/section>\n\t\t<div class=\"elementor-element elementor-element-a5370a2 team e-flex e-con-boxed e-con e-parent\" data-id=\"a5370a2\" data-element_type=\"container\" data-e-type=\"container\" id=\"team\">\n\t\t\t\t\t<div class=\"e-con-inner\">\n\t\t\t\t<div class=\"elementor-element elementor-element-1100bac elementor-widget elementor-widget-heading\" data-id=\"1100bac\" data-element_type=\"widget\" data-e-type=\"widget\" data-widget_type=\"heading.default\">\n\t\t\t\t\t<h2 class=\"elementor-heading-title elementor-size-default\">Notre \u00e9quipe<\/h2>\t\t\t\t<\/div>\n\t\t\t\t\t<\/div>\n\t\t\t\t<\/div>\n\t\t<div class=\"elementor-element elementor-element-5b47c46 e-flex e-con-boxed e-con e-parent\" data-id=\"5b47c46\" data-element_type=\"container\" data-e-type=\"container\">\n\t\t\t\t\t<div class=\"e-con-inner\">\n\t\t<div class=\"elementor-element elementor-element-79f14f4 e-con-full e-flex e-con e-child\" data-id=\"79f14f4\" data-element_type=\"container\" data-e-type=\"container\">\n\t\t\t\t<div class=\"elementor-element elementor-element-d67953c elementor-widget elementor-widget-image\" data-id=\"d67953c\" data-element_type=\"widget\" data-e-type=\"widget\" data-widget_type=\"image.default\">\n\t\t\t\t\t\t\t\t\t\t\t\t\t\t\t<img fetchpriority=\"high\" decoding=\"async\" width=\"768\" height=\"1024\" src=\"https:\/\/callandridemallorca.com\/wp-content\/uploads\/2026\/01\/David-scaled.jpeg-768x1024.webp\" class=\"attachment-medium_large size-medium_large wp-image-91264\" alt=\"qui nous sommes\" srcset=\"https:\/\/callandridemallorca.com\/wp-content\/uploads\/2026\/01\/David-scaled.jpeg-768x1024.webp 768w, https:\/\/callandridemallorca.com\/wp-content\/uploads\/2026\/01\/David-scaled.jpeg-225x300.webp 225w, https:\/\/callandridemallorca.com\/wp-content\/uploads\/2026\/01\/David-scaled.jpeg-1152x1536.webp 1152w, https:\/\/callandridemallorca.com\/wp-content\/uploads\/2026\/01\/David-scaled.jpeg-1536x2048.webp 1536w, https:\/\/callandridemallorca.com\/wp-content\/uploads\/2026\/01\/David-scaled.jpeg.webp 1920w\" sizes=\"(max-width: 768px) 100vw, 768px\" \/>\t\t\t\t\t\t\t\t\t\t\t\t\t\t\t<\/div>\n\t\t\t\t<div class=\"elementor-element elementor-element-fa87111 elementor-widget elementor-widget-text-editor\" data-id=\"fa87111\" data-element_type=\"widget\" data-e-type=\"widget\" data-widget_type=\"text-editor.default\">\n\t\t\t\t\t\t\t\t\t<p><strong>DAVID<\/strong><\/p><p>Amoureux de l&rsquo;\u00eele de Majorque, en particulier de son histoire, de sa culture et de sa nature.<\/p><p>Il a \u00e9tudi\u00e9 l&rsquo;administration des affaires et est un guide VTT certifi\u00e9 ainsi qu&rsquo;un guide pour les itin\u00e9raires cyclables. Amateur de sports d&rsquo;aventure, il s&rsquo;est concentr\u00e9 sur la conception d&rsquo;itin\u00e9raires cyclables \u00e0 la fois pour organiser des visites \u00e0 Palma et dans ses environs, et pour organiser des voyages autour de l&rsquo;\u00eele. Nous pouvons r\u00e9sumer ses visites comme amusantes, proches et remplies d&rsquo;anecdotes curieuses de notre histoire.<br>Lire, jouer avec des chiens et visiter notre bien-aim\u00e9e Serra de Tramuntana sont ses plus grandes passions !<\/p>\t\t\t\t\t\t\t\t<\/div>\n\t\t\t\t<\/div>\n\t\t<div class=\"elementor-element elementor-element-991d7f7 e-con-full e-flex e-con e-child\" data-id=\"991d7f7\" data-element_type=\"container\" data-e-type=\"container\">\n\t\t\t\t<div class=\"elementor-element elementor-element-ab52920 elementor-widget elementor-widget-image\" data-id=\"ab52920\" data-element_type=\"widget\" data-e-type=\"widget\" data-widget_type=\"image.default\">\n\t\t\t\t\t\t\t\t\t\t\t\t\t\t\t<img decoding=\"async\" width=\"768\" height=\"1024\" src=\"https:\/\/callandridemallorca.com\/wp-content\/uploads\/2026\/01\/Nacho-scaled.jpeg-768x1024.webp\" class=\"attachment-large size-large wp-image-91265\" alt=\"qui nous sommes\" srcset=\"https:\/\/callandridemallorca.com\/wp-content\/uploads\/2026\/01\/Nacho-scaled.jpeg-768x1024.webp 768w, https:\/\/callandridemallorca.com\/wp-content\/uploads\/2026\/01\/Nacho-scaled.jpeg-225x300.webp 225w, https:\/\/callandridemallorca.com\/wp-content\/uploads\/2026\/01\/Nacho-scaled.jpeg-1152x1536.webp 1152w, https:\/\/callandridemallorca.com\/wp-content\/uploads\/2026\/01\/Nacho-scaled.jpeg-1536x2048.webp 1536w, https:\/\/callandridemallorca.com\/wp-content\/uploads\/2026\/01\/Nacho-scaled.jpeg.webp 1920w\" sizes=\"(max-width: 768px) 100vw, 768px\" \/>\t\t\t\t\t\t\t\t\t\t\t\t\t\t\t<\/div>\n\t\t\t\t<div class=\"elementor-element elementor-element-a9c38f3 elementor-widget elementor-widget-text-editor\" data-id=\"a9c38f3\" data-element_type=\"widget\" data-e-type=\"widget\" data-widget_type=\"text-editor.default\">\n\t\t\t\t\t\t\t\t\t<p><strong>IGNACIO<\/strong><\/p><p>N\u00e9 et \u00e9lev\u00e9 \u00e0 Majorque. Il aime les v\u00e9los et d\u00e9couvrir de nouveaux endroits.<\/p><p>Ignacio a \u00e9galement \u00e9tudi\u00e9 le commerce \u00e0 Madrid et \u00e0 Londres. Par cons\u00e9quent, il a v\u00e9cu dans ces deux villes ainsi qu&rsquo;\u00e0 Augsbourg (Allemagne), o\u00f9 il a travaill\u00e9 pendant deux ans. Il parle couramment l&rsquo;anglais et l&rsquo;allemand et aime rencontrer de nouvelles personnes. Pendant son temps libre, il aime faire de la randonn\u00e9e dans les montagnes de la Tramuntana, voyager et boire une bi\u00e8re fra\u00eeche avec ses amis.<\/p>\t\t\t\t\t\t\t\t<\/div>\n\t\t\t\t<\/div>\n\t\t\t\t\t<\/div>\n\t\t\t\t<\/div>\n\t\t<div class=\"elementor-element elementor-element-d61db18 e-flex e-con-boxed e-con e-parent\" data-id=\"d61db18\" data-element_type=\"container\" data-e-type=\"container\">\n\t\t\t\t\t<div class=\"e-con-inner\">\n\t\t<div class=\"elementor-element elementor-element-7de26b5 e-con-full e-flex e-con e-child\" data-id=\"7de26b5\" data-element_type=\"container\" data-e-type=\"container\">\n\t\t\t\t<div class=\"elementor-element elementor-element-b8973e2 elementor-widget elementor-widget-image\" data-id=\"b8973e2\" data-element_type=\"widget\" data-e-type=\"widget\" data-widget_type=\"image.default\">\n\t\t\t\t\t\t\t\t\t\t\t\t\t\t\t<img decoding=\"async\" width=\"768\" height=\"1024\" src=\"https:\/\/callandridemallorca.com\/wp-content\/uploads\/2026\/01\/IMG-3902-scaled.jpg-768x1024.webp\" class=\"attachment-medium_large size-medium_large wp-image-91266\" alt=\"qui nous sommes\" srcset=\"https:\/\/callandridemallorca.com\/wp-content\/uploads\/2026\/01\/IMG-3902-scaled.jpg-768x1024.webp 768w, https:\/\/callandridemallorca.com\/wp-content\/uploads\/2026\/01\/IMG-3902-scaled.jpg-225x300.webp 225w, https:\/\/callandridemallorca.com\/wp-content\/uploads\/2026\/01\/IMG-3902-scaled.jpg-1152x1536.webp 1152w, https:\/\/callandridemallorca.com\/wp-content\/uploads\/2026\/01\/IMG-3902-scaled.jpg-1536x2048.webp 1536w, https:\/\/callandridemallorca.com\/wp-content\/uploads\/2026\/01\/IMG-3902-scaled.jpg.webp 1920w\" sizes=\"(max-width: 768px) 100vw, 768px\" \/>\t\t\t\t\t\t\t\t\t\t\t\t\t\t\t<\/div>\n\t\t\t\t<div class=\"elementor-element elementor-element-db4fcc3 elementor-widget elementor-widget-text-editor\" data-id=\"db4fcc3\" data-element_type=\"widget\" data-e-type=\"widget\" data-widget_type=\"text-editor.default\">\n\t\t\t\t\t\t\t\t\t<p><strong>JAVIER<\/strong><\/p><p>N\u00e9 et \u00e9lev\u00e9 \u00e0 Majorque. Il est passionn\u00e9 par les voyages et son \u00eele.<\/p><p>Javier est un \u00e9conomiste qui a \u00e9tudi\u00e9 \u00e0 Madrid. Il a \u00e9galement \u00e9tudi\u00e9 en Finlande dans le cadre d&rsquo;un programme d&rsquo;\u00e9change. Son exp\u00e9rience de vie et de visite dans des pays \u00e9trangers lui conf\u00e8re des comp\u00e9tences sociales utiles pour partager ses connaissances sur Majorque.<\/p>\t\t\t\t\t\t\t\t<\/div>\n\t\t\t\t<\/div>\n\t\t<div class=\"elementor-element elementor-element-254ec08 e-con-full e-flex e-con e-child\" data-id=\"254ec08\" data-element_type=\"container\" data-e-type=\"container\">\n\t\t\t\t<div class=\"elementor-element elementor-element-723bfd1 elementor-widget elementor-widget-image\" data-id=\"723bfd1\" data-element_type=\"widget\" data-e-type=\"widget\" data-widget_type=\"image.default\">\n\t\t\t\t\t\t\t\t\t\t\t\t\t\t\t<img loading=\"lazy\" decoding=\"async\" width=\"768\" height=\"1024\" src=\"https:\/\/callandridemallorca.com\/wp-content\/uploads\/2026\/01\/Luis-scaled.jpeg-768x1024.webp\" class=\"attachment-large size-large wp-image-91267\" alt=\"qui nous sommes\" srcset=\"https:\/\/callandridemallorca.com\/wp-content\/uploads\/2026\/01\/Luis-scaled.jpeg-768x1024.webp 768w, https:\/\/callandridemallorca.com\/wp-content\/uploads\/2026\/01\/Luis-scaled.jpeg-225x300.webp 225w, https:\/\/callandridemallorca.com\/wp-content\/uploads\/2026\/01\/Luis-scaled.jpeg-1152x1536.webp 1152w, https:\/\/callandridemallorca.com\/wp-content\/uploads\/2026\/01\/Luis-scaled.jpeg-1536x2048.webp 1536w, https:\/\/callandridemallorca.com\/wp-content\/uploads\/2026\/01\/Luis-scaled.jpeg.webp 1920w\" sizes=\"(max-width: 768px) 100vw, 768px\" \/>\t\t\t\t\t\t\t\t\t\t\t\t\t\t\t<\/div>\n\t\t\t\t<div class=\"elementor-element elementor-element-023da8a elementor-widget elementor-widget-text-editor\" data-id=\"023da8a\" data-element_type=\"widget\" data-e-type=\"widget\" data-widget_type=\"text-editor.default\">\n\t\t\t\t\t\t\t\t\t<p><strong>LUIS<\/strong><\/p><p>N\u00e9 et \u00e9lev\u00e9 \u00e0 Majorque. Il est passionn\u00e9 par les v\u00e9los de route et de montagne, ainsi que par les nouvelles technologies.<\/p><p>Luis a \u00e9tudi\u00e9 la psychologie \u00e0 Ja\u00e9n et a v\u00e9cu quelques ann\u00e9es en Irlande. Il parle couramment l&rsquo;anglais et conna\u00eet tous les coins cach\u00e9s de Palma. Pendant son temps libre, il aime jouer \u00e0 des jeux vid\u00e9o et d\u00e9couvrir Majorque \u00e0 v\u00e9lo.<\/p>\t\t\t\t\t\t\t\t<\/div>\n\t\t\t\t<\/div>\n\t\t\t\t\t<\/div>\n\t\t\t\t<\/div>\n\t\t<div class=\"elementor-element elementor-element-dd1ea3a e-flex e-con-boxed e-con e-parent\" data-id=\"dd1ea3a\" data-element_type=\"container\" data-e-type=\"container\">\n\t\t\t\t\t<div class=\"e-con-inner\">\n\t\t<div class=\"elementor-element elementor-element-4cda076 e-con-full e-flex e-con e-child\" data-id=\"4cda076\" data-element_type=\"container\" data-e-type=\"container\">\n\t\t\t\t<div class=\"elementor-element elementor-element-d05e8e8 elementor-widget elementor-widget-image\" data-id=\"d05e8e8\" data-element_type=\"widget\" data-e-type=\"widget\" data-widget_type=\"image.default\">\n\t\t\t\t\t\t\t\t\t\t\t\t\t\t\t<img loading=\"lazy\" decoding=\"async\" width=\"768\" height=\"1024\" src=\"https:\/\/callandridemallorca.com\/wp-content\/uploads\/2026\/01\/Sergio-scaled.jpeg-768x1024.webp\" class=\"attachment-medium_large size-medium_large wp-image-91268\" alt=\"qui nous sommes\" srcset=\"https:\/\/callandridemallorca.com\/wp-content\/uploads\/2026\/01\/Sergio-scaled.jpeg-768x1024.webp 768w, https:\/\/callandridemallorca.com\/wp-content\/uploads\/2026\/01\/Sergio-scaled.jpeg-225x300.webp 225w, https:\/\/callandridemallorca.com\/wp-content\/uploads\/2026\/01\/Sergio-scaled.jpeg-1152x1536.webp 1152w, https:\/\/callandridemallorca.com\/wp-content\/uploads\/2026\/01\/Sergio-scaled.jpeg-1536x2048.webp 1536w, https:\/\/callandridemallorca.com\/wp-content\/uploads\/2026\/01\/Sergio-scaled.jpeg.webp 1920w\" sizes=\"(max-width: 768px) 100vw, 768px\" \/>\t\t\t\t\t\t\t\t\t\t\t\t\t\t\t<\/div>\n\t\t\t\t<div class=\"elementor-element elementor-element-c0e6beb elementor-widget elementor-widget-text-editor\" data-id=\"c0e6beb\" data-element_type=\"widget\" data-e-type=\"widget\" data-widget_type=\"text-editor.default\">\n\t\t\t\t\t\t\t\t\t<p><strong>SERGIO<\/strong><\/p><p>N\u00e9 et \u00e9lev\u00e9 \u00e0 Majorque, Sergio est passionn\u00e9 par la vie et aime vraiment partager les merveilles de l&rsquo;\u00eele et de sa culture. Guide touristique officiel (GTOIB-2208).<\/p><p>Il a \u00e9tudi\u00e9 l&rsquo;\u00e9ducation sociale et est \u00e9galement technicien sup\u00e9rieur en guide, information et assistance touristique.<br>Pendant son temps libre, il d\u00e9vore des livres et des g\u00e2teaux et vous pouvez le trouver en train de courir sur les montagnes de la Serra de Tramuntana.<\/p>\t\t\t\t\t\t\t\t<\/div>\n\t\t\t\t<\/div>\n\t\t<div class=\"elementor-element elementor-element-e308a1e e-con-full e-flex e-con e-child\" data-id=\"e308a1e\" data-element_type=\"container\" data-e-type=\"container\">\n\t\t\t\t<\/div>\n\t\t\t\t\t<\/div>\n\t\t\t\t<\/div>\n\t\t<div class=\"elementor-element elementor-element-7714d39 e-flex e-con-boxed e-con e-parent\" data-id=\"7714d39\" data-element_type=\"container\" data-e-type=\"container\">\n\t\t\t\t\t<div class=\"e-con-inner\">\n\t\t\t\t<div class=\"elementor-element elementor-element-632cd446 elementor-widget-divider--view-line elementor-widget elementor-widget-divider\" data-id=\"632cd446\" data-element_type=\"widget\" data-e-type=\"widget\" data-widget_type=\"divider.default\">\n\t\t\t\t\t\t\t<div class=\"elementor-divider\">\n\t\t\t<span class=\"elementor-divider-separator\">\n\t\t\t\t\t\t<\/span>\n\t\t<\/div>\n\t\t\t\t\t\t<\/div>\n\t\t\t\t\t<\/div>\n\t\t\t\t<\/div>\n\t\t<div class=\"elementor-element elementor-element-5e097368 e-flex e-con-boxed e-con e-parent\" data-id=\"5e097368\" data-element_type=\"container\" data-e-type=\"container\">\n\t\t\t\t\t<div class=\"e-con-inner\">\n\t\t\t\t<div class=\"elementor-element elementor-element-5553d6dc elementor-widget elementor-widget-google_maps\" data-id=\"5553d6dc\" data-element_type=\"widget\" data-e-type=\"widget\" data-widget_type=\"google_maps.default\">\n\t\t\t\t\t\t\t<div class=\"elementor-custom-embed\">\n\t\t\t<iframe loading=\"lazy\"\n\t\t\t\t\tsrc=\"https:\/\/maps.google.com\/maps?q=Call%26Ride%20Bike%20Rentals%20%26%20Tours&#038;t=m&#038;z=10&#038;output=embed&#038;iwloc=near\"\n\t\t\t\t\ttitle=\"Call&amp;Ride Bike Rentals &amp; Tours\"\n\t\t\t\t\taria-label=\"Call&amp;Ride Bike Rentals &amp; Tours\"\n\t\t\t><\/iframe>\n\t\t<\/div>\n\t\t\t\t\t\t<\/div>\n\t\t\t\t\t<\/div>\n\t\t\t\t<\/div>\n\t\t\t\t<\/div>\n\t\t","protected":false},"excerpt":{"rendered":"<p>\u00c0 propos de nous Notre \u00e9quipe Notre \u00e9quipe DAVID Amoureux de l&rsquo;\u00eele de Majorque, en particulier de son histoire, de sa culture et de sa nature. Il a \u00e9tudi\u00e9 l&rsquo;administration des affaires et est un guide VTT certifi\u00e9 ainsi qu&rsquo;un guide pour les itin\u00e9raires cyclables. Amateur de sports d&rsquo;aventure, il s&rsquo;est concentr\u00e9 sur la conception [&hellip;]<\/p>\n","protected":false},"author":1,"featured_media":0,"parent":0,"menu_order":0,"comment_status":"closed","ping_status":"closed","template":"","meta":{"footnotes":""},"class_list":["post-91263","page","type-page","status-publish","hentry"],"_links":{"self":[{"href":"https:\/\/callandridemallorca.com\/fr\/wp-json\/wp\/v2\/pages\/91263","targetHints":{"allow":["GET"]}}],"collection":[{"href":"https:\/\/callandridemallorca.com\/fr\/wp-json\/wp\/v2\/pages"}],"about":[{"href":"https:\/\/callandridemallorca.com\/fr\/wp-json\/wp\/v2\/types\/page"}],"author":[{"embeddable":true,"href":"https:\/\/callandridemallorca.com\/fr\/wp-json\/wp\/v2\/users\/1"}],"replies":[{"embeddable":true,"href":"https:\/\/callandridemallorca.com\/fr\/wp-json\/wp\/v2\/comments?post=91263"}],"version-history":[{"count":3,"href":"https:\/\/callandridemallorca.com\/fr\/wp-json\/wp\/v2\/pages\/91263\/revisions"}],"predecessor-version":[{"id":92020,"href":"https:\/\/callandridemallorca.com\/fr\/wp-json\/wp\/v2\/pages\/91263\/revisions\/92020"}],"wp:attachment":[{"href":"https:\/\/callandridemallorca.com\/fr\/wp-json\/wp\/v2\/media?parent=91263"}],"curies":[{"name":"wp","href":"https:\/\/api.w.org\/{rel}","templated":true}]}}