{"id":91293,"date":"2026-01-13T12:06:38","date_gmt":"2026-01-13T12:06:38","guid":{"rendered":"https:\/\/conversiona.me\/callandride2025\/quienes-somos\/"},"modified":"2026-02-25T11:13:48","modified_gmt":"2026-02-25T11:13:48","slug":"quienes-somos","status":"publish","type":"page","link":"https:\/\/callandridemallorca.com\/es\/quienes-somos\/","title":{"rendered":"qui\u00e9nes somos"},"content":{"rendered":"\t\t<div data-elementor-type=\"wp-page\" data-elementor-id=\"91293\" class=\"elementor elementor-91293 elementor-810\" data-elementor-post-type=\"page\">\n\t\t\t\t\t\t<section class=\"elementor-section elementor-top-section elementor-element elementor-element-4544e273 elementor-section-height-min-height elementor-section-items-top elementor-section-boxed elementor-section-height-default\" data-id=\"4544e273\" data-element_type=\"section\" data-e-type=\"section\" data-settings=\"{&quot;background_background&quot;:&quot;classic&quot;}\">\n\t\t\t\t\t\t<div class=\"elementor-container elementor-column-gap-default\">\n\t\t\t\t\t<div class=\"elementor-column elementor-col-50 elementor-top-column elementor-element elementor-element-50e36e8c\" data-id=\"50e36e8c\" data-element_type=\"column\" data-e-type=\"column\">\n\t\t\t<div class=\"elementor-widget-wrap elementor-element-populated\">\n\t\t\t\t\t\t<div class=\"elementor-element elementor-element-60b6d0d3 elementor-widget__width-initial elementor-invisible elementor-widget elementor-widget-heading\" data-id=\"60b6d0d3\" data-element_type=\"widget\" data-e-type=\"widget\" data-settings=\"{&quot;_animation&quot;:&quot;fadeIn&quot;,&quot;_animation_delay&quot;:200}\" data-widget_type=\"heading.default\">\n\t\t\t\t\t<h1 class=\"elementor-heading-title elementor-size-default\">Sobre nosotros<\/h1>\t\t\t\t<\/div>\n\t\t\t\t<div class=\"elementor-element elementor-element-43c08c6 elementor-align-left elementor-mobile-align-center elementor-widget elementor-widget-button\" data-id=\"43c08c6\" data-element_type=\"widget\" data-e-type=\"widget\" data-widget_type=\"button.default\">\n\t\t\t\t\t\t\t\t\t\t<a class=\"elementor-button elementor-button-link elementor-size-sm\" href=\"#team\">\n\t\t\t\t\t\t<span class=\"elementor-button-content-wrapper\">\n\t\t\t\t\t\t\t\t\t<span class=\"elementor-button-text\">Nuestro equipo<\/span>\n\t\t\t\t\t<\/span>\n\t\t\t\t\t<\/a>\n\t\t\t\t\t\t\t\t<\/div>\n\t\t\t\t\t<\/div>\n\t\t<\/div>\n\t\t\t\t<div class=\"elementor-column elementor-col-50 elementor-top-column elementor-element elementor-element-2c4a25f6\" data-id=\"2c4a25f6\" data-element_type=\"column\" data-e-type=\"column\">\n\t\t\t<div class=\"elementor-widget-wrap\">\n\t\t\t\t\t\t\t<\/div>\n\t\t<\/div>\n\t\t\t\t\t<\/div>\n\t\t<\/section>\n\t\t<div class=\"elementor-element elementor-element-a5370a2 team e-flex e-con-boxed e-con e-parent\" data-id=\"a5370a2\" data-element_type=\"container\" data-e-type=\"container\" id=\"team\">\n\t\t\t\t\t<div class=\"e-con-inner\">\n\t\t\t\t<div class=\"elementor-element elementor-element-1100bac elementor-widget elementor-widget-heading\" data-id=\"1100bac\" data-element_type=\"widget\" data-e-type=\"widget\" data-widget_type=\"heading.default\">\n\t\t\t\t\t<h2 class=\"elementor-heading-title elementor-size-default\">Nuestro equipo<\/h2>\t\t\t\t<\/div>\n\t\t\t\t\t<\/div>\n\t\t\t\t<\/div>\n\t\t<div class=\"elementor-element elementor-element-5b47c46 e-flex e-con-boxed e-con e-parent\" data-id=\"5b47c46\" data-element_type=\"container\" data-e-type=\"container\">\n\t\t\t\t\t<div class=\"e-con-inner\">\n\t\t<div class=\"elementor-element elementor-element-79f14f4 e-con-full e-flex e-con e-child\" data-id=\"79f14f4\" data-element_type=\"container\" data-e-type=\"container\">\n\t\t\t\t<div class=\"elementor-element elementor-element-d67953c elementor-widget elementor-widget-image\" data-id=\"d67953c\" data-element_type=\"widget\" data-e-type=\"widget\" data-widget_type=\"image.default\">\n\t\t\t\t\t\t\t\t\t\t\t\t\t\t\t<img fetchpriority=\"high\" decoding=\"async\" width=\"768\" height=\"1024\" src=\"https:\/\/callandridemallorca.com\/wp-content\/uploads\/2026\/01\/David-scaled.jpeg-768x1024.webp\" class=\"attachment-medium_large size-medium_large wp-image-91294\" alt=\"qui\u00e9nes somos\" srcset=\"https:\/\/callandridemallorca.com\/wp-content\/uploads\/2026\/01\/David-scaled.jpeg-768x1024.webp 768w, https:\/\/callandridemallorca.com\/wp-content\/uploads\/2026\/01\/David-scaled.jpeg-225x300.webp 225w, https:\/\/callandridemallorca.com\/wp-content\/uploads\/2026\/01\/David-scaled.jpeg-1152x1536.webp 1152w, https:\/\/callandridemallorca.com\/wp-content\/uploads\/2026\/01\/David-scaled.jpeg-1536x2048.webp 1536w, https:\/\/callandridemallorca.com\/wp-content\/uploads\/2026\/01\/David-scaled.jpeg.webp 1920w\" sizes=\"(max-width: 768px) 100vw, 768px\" \/>\t\t\t\t\t\t\t\t\t\t\t\t\t\t\t<\/div>\n\t\t\t\t<div class=\"elementor-element elementor-element-fa87111 elementor-widget elementor-widget-text-editor\" data-id=\"fa87111\" data-element_type=\"widget\" data-e-type=\"widget\" data-widget_type=\"text-editor.default\">\n\t\t\t\t\t\t\t\t\t<p><strong>DAVID<\/strong><\/p><p>Amante de la isla de Mallorca, especialmente de su historia, cultura y naturaleza.<\/p><p>Estudi\u00f3 Administraci\u00f3n y Direcci\u00f3n de Empresas y es gu\u00eda certificado de MTB y de itinerarios ciclistas. Amante de los deportes de aventura, se ha centrado en dise\u00f1ar rutas ciclistas tanto para realizar excursiones en Palma y sus alrededores como para organizar viajes por la isla. Podemos resumir sus tours como divertidos, cercanos y repletos de curiosas an\u00e9cdotas de nuestra historia.<br>\u00a1Leer, jugar con perros y visitar nuestra querida Serra de Tramuntana son sus mayores pasiones!<\/p>\t\t\t\t\t\t\t\t<\/div>\n\t\t\t\t<\/div>\n\t\t<div class=\"elementor-element elementor-element-991d7f7 e-con-full e-flex e-con e-child\" data-id=\"991d7f7\" data-element_type=\"container\" data-e-type=\"container\">\n\t\t\t\t<div class=\"elementor-element elementor-element-ab52920 elementor-widget elementor-widget-image\" data-id=\"ab52920\" data-element_type=\"widget\" data-e-type=\"widget\" data-widget_type=\"image.default\">\n\t\t\t\t\t\t\t\t\t\t\t\t\t\t\t<img decoding=\"async\" width=\"768\" height=\"1024\" src=\"https:\/\/callandridemallorca.com\/wp-content\/uploads\/2026\/01\/Nacho-scaled.jpeg-768x1024.webp\" class=\"attachment-large size-large wp-image-91295\" alt=\"qui\u00e9nes somos\" srcset=\"https:\/\/callandridemallorca.com\/wp-content\/uploads\/2026\/01\/Nacho-scaled.jpeg-768x1024.webp 768w, https:\/\/callandridemallorca.com\/wp-content\/uploads\/2026\/01\/Nacho-scaled.jpeg-225x300.webp 225w, https:\/\/callandridemallorca.com\/wp-content\/uploads\/2026\/01\/Nacho-scaled.jpeg-1152x1536.webp 1152w, https:\/\/callandridemallorca.com\/wp-content\/uploads\/2026\/01\/Nacho-scaled.jpeg-1536x2048.webp 1536w, https:\/\/callandridemallorca.com\/wp-content\/uploads\/2026\/01\/Nacho-scaled.jpeg.webp 1920w\" sizes=\"(max-width: 768px) 100vw, 768px\" \/>\t\t\t\t\t\t\t\t\t\t\t\t\t\t\t<\/div>\n\t\t\t\t<div class=\"elementor-element elementor-element-a9c38f3 elementor-widget elementor-widget-text-editor\" data-id=\"a9c38f3\" data-element_type=\"widget\" data-e-type=\"widget\" data-widget_type=\"text-editor.default\">\n\t\t\t\t\t\t\t\t\t<p><strong>IGNACIO<\/strong><\/p><p>Nacido y criado en Mallorca. Le encantan las bicicletas y conocer nuevos lugares.<\/p><p>Ignacio tambi\u00e9n estudi\u00f3 Administraci\u00f3n y Direcci\u00f3n de Empresas en Madrid y Londres. Por lo tanto, ha vivido en estas dos ciudades y tambi\u00e9n en Augsburgo (Alemania), donde trabaj\u00f3 durante dos a\u00f1os. Habla ingl\u00e9s y alem\u00e1n con fluidez y le encanta conocer gente nueva. Durante su tiempo libre le gusta hacer senderismo en la Serra de Tramuntana, viajar y beber una cerveza fr\u00eda con sus amigos.<\/p>\t\t\t\t\t\t\t\t<\/div>\n\t\t\t\t<\/div>\n\t\t\t\t\t<\/div>\n\t\t\t\t<\/div>\n\t\t<div class=\"elementor-element elementor-element-d61db18 e-flex e-con-boxed e-con e-parent\" data-id=\"d61db18\" data-element_type=\"container\" data-e-type=\"container\">\n\t\t\t\t\t<div class=\"e-con-inner\">\n\t\t<div class=\"elementor-element elementor-element-7de26b5 e-con-full e-flex e-con e-child\" data-id=\"7de26b5\" data-element_type=\"container\" data-e-type=\"container\">\n\t\t\t\t<div class=\"elementor-element elementor-element-b8973e2 elementor-widget elementor-widget-image\" data-id=\"b8973e2\" data-element_type=\"widget\" data-e-type=\"widget\" data-widget_type=\"image.default\">\n\t\t\t\t\t\t\t\t\t\t\t\t\t\t\t<img decoding=\"async\" width=\"768\" height=\"1024\" src=\"https:\/\/callandridemallorca.com\/wp-content\/uploads\/2026\/01\/IMG-3902-scaled.jpg-768x1024.webp\" class=\"attachment-medium_large size-medium_large wp-image-91296\" alt=\"qui\u00e9nes somos\" srcset=\"https:\/\/callandridemallorca.com\/wp-content\/uploads\/2026\/01\/IMG-3902-scaled.jpg-768x1024.webp 768w, https:\/\/callandridemallorca.com\/wp-content\/uploads\/2026\/01\/IMG-3902-scaled.jpg-225x300.webp 225w, https:\/\/callandridemallorca.com\/wp-content\/uploads\/2026\/01\/IMG-3902-scaled.jpg-1152x1536.webp 1152w, https:\/\/callandridemallorca.com\/wp-content\/uploads\/2026\/01\/IMG-3902-scaled.jpg-1536x2048.webp 1536w, https:\/\/callandridemallorca.com\/wp-content\/uploads\/2026\/01\/IMG-3902-scaled.jpg.webp 1920w\" sizes=\"(max-width: 768px) 100vw, 768px\" \/>\t\t\t\t\t\t\t\t\t\t\t\t\t\t\t<\/div>\n\t\t\t\t<div class=\"elementor-element elementor-element-db4fcc3 elementor-widget elementor-widget-text-editor\" data-id=\"db4fcc3\" data-element_type=\"widget\" data-e-type=\"widget\" data-widget_type=\"text-editor.default\">\n\t\t\t\t\t\t\t\t\t<p><strong>JAVIER<\/strong><\/p><p>Nacido y criado en Mallorca. Le apasiona viajar y su isla.<\/p><p>Javier es economista y estudi\u00f3 su carrera en Madrid. Tambi\u00e9n estudi\u00f3 en Finlandia formando parte de un programa de intercambio. Su experiencia viviendo y visitando pa\u00edses extranjeros le proporciona habilidades sociales \u00fatiles para compartir su conocimiento sobre Mallorca.<\/p>\t\t\t\t\t\t\t\t<\/div>\n\t\t\t\t<\/div>\n\t\t<div class=\"elementor-element elementor-element-254ec08 e-con-full e-flex e-con e-child\" data-id=\"254ec08\" data-element_type=\"container\" data-e-type=\"container\">\n\t\t\t\t<div class=\"elementor-element elementor-element-723bfd1 elementor-widget elementor-widget-image\" data-id=\"723bfd1\" data-element_type=\"widget\" data-e-type=\"widget\" data-widget_type=\"image.default\">\n\t\t\t\t\t\t\t\t\t\t\t\t\t\t\t<img loading=\"lazy\" decoding=\"async\" width=\"768\" height=\"1024\" src=\"https:\/\/callandridemallorca.com\/wp-content\/uploads\/2026\/01\/Luis-scaled.jpeg-768x1024.webp\" class=\"attachment-large size-large wp-image-91297\" alt=\"qui\u00e9nes somos\" srcset=\"https:\/\/callandridemallorca.com\/wp-content\/uploads\/2026\/01\/Luis-scaled.jpeg-768x1024.webp 768w, https:\/\/callandridemallorca.com\/wp-content\/uploads\/2026\/01\/Luis-scaled.jpeg-225x300.webp 225w, https:\/\/callandridemallorca.com\/wp-content\/uploads\/2026\/01\/Luis-scaled.jpeg-1152x1536.webp 1152w, https:\/\/callandridemallorca.com\/wp-content\/uploads\/2026\/01\/Luis-scaled.jpeg-1536x2048.webp 1536w, https:\/\/callandridemallorca.com\/wp-content\/uploads\/2026\/01\/Luis-scaled.jpeg.webp 1920w\" sizes=\"(max-width: 768px) 100vw, 768px\" \/>\t\t\t\t\t\t\t\t\t\t\t\t\t\t\t<\/div>\n\t\t\t\t<div class=\"elementor-element elementor-element-023da8a elementor-widget elementor-widget-text-editor\" data-id=\"023da8a\" data-element_type=\"widget\" data-e-type=\"widget\" data-widget_type=\"text-editor.default\">\n\t\t\t\t\t\t\t\t\t<p><strong>LUIS<\/strong><\/p><p>Nacido y criado en Mallorca. Le apasionan las bicicletas de carretera y de monta\u00f1a, as\u00ed como las nuevas tecnolog\u00edas.<\/p><p>Luis estudi\u00f3 psicolog\u00eda en Ja\u00e9n y vivi\u00f3 un par de a\u00f1os en Irlanda. Habla ingl\u00e9s con fluidez y conoce cada rinc\u00f3n escondido de Palma. Durante su tiempo libre le gusta jugar a videojuegos y conocer Mallorca en bicicleta.<\/p>\t\t\t\t\t\t\t\t<\/div>\n\t\t\t\t<\/div>\n\t\t\t\t\t<\/div>\n\t\t\t\t<\/div>\n\t\t<div class=\"elementor-element elementor-element-dd1ea3a e-flex e-con-boxed e-con e-parent\" data-id=\"dd1ea3a\" data-element_type=\"container\" data-e-type=\"container\">\n\t\t\t\t\t<div class=\"e-con-inner\">\n\t\t<div class=\"elementor-element elementor-element-4cda076 e-con-full e-flex e-con e-child\" data-id=\"4cda076\" data-element_type=\"container\" data-e-type=\"container\">\n\t\t\t\t<div class=\"elementor-element elementor-element-d05e8e8 elementor-widget elementor-widget-image\" data-id=\"d05e8e8\" data-element_type=\"widget\" data-e-type=\"widget\" data-widget_type=\"image.default\">\n\t\t\t\t\t\t\t\t\t\t\t\t\t\t\t<img loading=\"lazy\" decoding=\"async\" width=\"768\" height=\"1024\" src=\"https:\/\/callandridemallorca.com\/wp-content\/uploads\/2026\/01\/Sergio-scaled.jpeg-768x1024.webp\" class=\"attachment-medium_large size-medium_large wp-image-91298\" alt=\"qui\u00e9nes somos\" srcset=\"https:\/\/callandridemallorca.com\/wp-content\/uploads\/2026\/01\/Sergio-scaled.jpeg-768x1024.webp 768w, https:\/\/callandridemallorca.com\/wp-content\/uploads\/2026\/01\/Sergio-scaled.jpeg-225x300.webp 225w, https:\/\/callandridemallorca.com\/wp-content\/uploads\/2026\/01\/Sergio-scaled.jpeg-1152x1536.webp 1152w, https:\/\/callandridemallorca.com\/wp-content\/uploads\/2026\/01\/Sergio-scaled.jpeg-1536x2048.webp 1536w, https:\/\/callandridemallorca.com\/wp-content\/uploads\/2026\/01\/Sergio-scaled.jpeg.webp 1920w\" sizes=\"(max-width: 768px) 100vw, 768px\" \/>\t\t\t\t\t\t\t\t\t\t\t\t\t\t\t<\/div>\n\t\t\t\t<div class=\"elementor-element elementor-element-c0e6beb elementor-widget elementor-widget-text-editor\" data-id=\"c0e6beb\" data-element_type=\"widget\" data-e-type=\"widget\" data-widget_type=\"text-editor.default\">\n\t\t\t\t\t\t\t\t\t<p><strong>SERGIO<\/strong><\/p><p>Nacido y criado en Mallorca, a Sergio le apasiona la vida y disfruta compartiendo las maravillas de la isla y su cultura. Gu\u00eda Tur\u00edstico Oficial (GTOIB-2208).<\/p><p>Estudi\u00f3 educaci\u00f3n social y tambi\u00e9n es t\u00e9cnico superior en gu\u00eda, informaci\u00f3n y asistencia tur\u00edstica.<br>En su tiempo libre devora libros y pasteles y se le puede encontrar corriendo por las monta\u00f1as de la Serra de Tramuntana.<\/p>\t\t\t\t\t\t\t\t<\/div>\n\t\t\t\t<\/div>\n\t\t<div class=\"elementor-element elementor-element-e308a1e e-con-full e-flex e-con e-child\" data-id=\"e308a1e\" data-element_type=\"container\" data-e-type=\"container\">\n\t\t\t\t<\/div>\n\t\t\t\t\t<\/div>\n\t\t\t\t<\/div>\n\t\t<div class=\"elementor-element elementor-element-7714d39 e-flex e-con-boxed e-con e-parent\" data-id=\"7714d39\" data-element_type=\"container\" data-e-type=\"container\">\n\t\t\t\t\t<div class=\"e-con-inner\">\n\t\t\t\t<div class=\"elementor-element elementor-element-632cd446 elementor-widget-divider--view-line elementor-widget elementor-widget-divider\" data-id=\"632cd446\" data-element_type=\"widget\" data-e-type=\"widget\" data-widget_type=\"divider.default\">\n\t\t\t\t\t\t\t<div class=\"elementor-divider\">\n\t\t\t<span class=\"elementor-divider-separator\">\n\t\t\t\t\t\t<\/span>\n\t\t<\/div>\n\t\t\t\t\t\t<\/div>\n\t\t\t\t\t<\/div>\n\t\t\t\t<\/div>\n\t\t<div class=\"elementor-element elementor-element-5e097368 e-flex e-con-boxed e-con e-parent\" data-id=\"5e097368\" data-element_type=\"container\" data-e-type=\"container\">\n\t\t\t\t\t<div class=\"e-con-inner\">\n\t\t\t\t<div class=\"elementor-element elementor-element-5553d6dc elementor-widget elementor-widget-google_maps\" data-id=\"5553d6dc\" data-element_type=\"widget\" data-e-type=\"widget\" data-widget_type=\"google_maps.default\">\n\t\t\t\t\t\t\t<div class=\"elementor-custom-embed\">\n\t\t\t<iframe loading=\"lazy\"\n\t\t\t\t\tsrc=\"https:\/\/maps.google.com\/maps?q=Call%26Ride%20Bike%20Rentals%20%26%20Tours&#038;t=m&#038;z=10&#038;output=embed&#038;iwloc=near\"\n\t\t\t\t\ttitle=\"Call&amp;Ride Bike Rentals &amp; Tours\"\n\t\t\t\t\taria-label=\"Call&amp;Ride Bike Rentals &amp; Tours\"\n\t\t\t><\/iframe>\n\t\t<\/div>\n\t\t\t\t\t\t<\/div>\n\t\t\t\t\t<\/div>\n\t\t\t\t<\/div>\n\t\t\t\t<\/div>\n\t\t","protected":false},"excerpt":{"rendered":"<p>Sobre nosotros Nuestro equipo Nuestro equipo DAVID Amante de la isla de Mallorca, especialmente de su historia, cultura y naturaleza. Estudi\u00f3 Administraci\u00f3n y Direcci\u00f3n de Empresas y es gu\u00eda certificado de MTB y de itinerarios ciclistas. Amante de los deportes de aventura, se ha centrado en dise\u00f1ar rutas ciclistas tanto para realizar excursiones en Palma [&hellip;]<\/p>\n","protected":false},"author":1,"featured_media":0,"parent":0,"menu_order":0,"comment_status":"closed","ping_status":"closed","template":"","meta":{"footnotes":""},"class_list":["post-91293","page","type-page","status-publish","hentry"],"_links":{"self":[{"href":"https:\/\/callandridemallorca.com\/es\/wp-json\/wp\/v2\/pages\/91293","targetHints":{"allow":["GET"]}}],"collection":[{"href":"https:\/\/callandridemallorca.com\/es\/wp-json\/wp\/v2\/pages"}],"about":[{"href":"https:\/\/callandridemallorca.com\/es\/wp-json\/wp\/v2\/types\/page"}],"author":[{"embeddable":true,"href":"https:\/\/callandridemallorca.com\/es\/wp-json\/wp\/v2\/users\/1"}],"replies":[{"embeddable":true,"href":"https:\/\/callandridemallorca.com\/es\/wp-json\/wp\/v2\/comments?post=91293"}],"version-history":[{"count":3,"href":"https:\/\/callandridemallorca.com\/es\/wp-json\/wp\/v2\/pages\/91293\/revisions"}],"predecessor-version":[{"id":92024,"href":"https:\/\/callandridemallorca.com\/es\/wp-json\/wp\/v2\/pages\/91293\/revisions\/92024"}],"wp:attachment":[{"href":"https:\/\/callandridemallorca.com\/es\/wp-json\/wp\/v2\/media?parent=91293"}],"curies":[{"name":"wp","href":"https:\/\/api.w.org\/{rel}","templated":true}]}}