{"id":91229,"date":"2026-01-13T12:06:38","date_gmt":"2026-01-13T12:06:38","guid":{"rendered":"https:\/\/conversiona.me\/callandride2025\/wer-wir-sind\/"},"modified":"2026-02-25T11:13:42","modified_gmt":"2026-02-25T11:13:42","slug":"uber-uns","status":"publish","type":"page","link":"https:\/\/callandridemallorca.com\/de\/uber-uns\/","title":{"rendered":"Wer wir sind"},"content":{"rendered":"\t\t<div data-elementor-type=\"wp-page\" data-elementor-id=\"91229\" class=\"elementor elementor-91229 elementor-810\" data-elementor-post-type=\"page\">\n\t\t\t\t\t\t<section class=\"elementor-section elementor-top-section elementor-element elementor-element-4544e273 elementor-section-height-min-height elementor-section-items-top elementor-section-boxed elementor-section-height-default\" data-id=\"4544e273\" data-element_type=\"section\" data-e-type=\"section\" data-settings=\"{&quot;background_background&quot;:&quot;classic&quot;}\">\n\t\t\t\t\t\t<div class=\"elementor-container elementor-column-gap-default\">\n\t\t\t\t\t<div class=\"elementor-column elementor-col-50 elementor-top-column elementor-element elementor-element-50e36e8c\" data-id=\"50e36e8c\" data-element_type=\"column\" data-e-type=\"column\">\n\t\t\t<div class=\"elementor-widget-wrap elementor-element-populated\">\n\t\t\t\t\t\t<div class=\"elementor-element elementor-element-60b6d0d3 elementor-widget__width-initial elementor-invisible elementor-widget elementor-widget-heading\" data-id=\"60b6d0d3\" data-element_type=\"widget\" data-e-type=\"widget\" data-settings=\"{&quot;_animation&quot;:&quot;fadeIn&quot;,&quot;_animation_delay&quot;:200}\" data-widget_type=\"heading.default\">\n\t\t\t\t\t<h1 class=\"elementor-heading-title elementor-size-default\">\u00dcber uns<\/h1>\t\t\t\t<\/div>\n\t\t\t\t<div class=\"elementor-element elementor-element-43c08c6 elementor-align-left elementor-mobile-align-center elementor-widget elementor-widget-button\" data-id=\"43c08c6\" data-element_type=\"widget\" data-e-type=\"widget\" data-widget_type=\"button.default\">\n\t\t\t\t\t\t\t\t\t\t<a class=\"elementor-button elementor-button-link elementor-size-sm\" href=\"#team\">\n\t\t\t\t\t\t<span class=\"elementor-button-content-wrapper\">\n\t\t\t\t\t\t\t\t\t<span class=\"elementor-button-text\">Unser Team<\/span>\n\t\t\t\t\t<\/span>\n\t\t\t\t\t<\/a>\n\t\t\t\t\t\t\t\t<\/div>\n\t\t\t\t\t<\/div>\n\t\t<\/div>\n\t\t\t\t<div class=\"elementor-column elementor-col-50 elementor-top-column elementor-element elementor-element-2c4a25f6\" data-id=\"2c4a25f6\" data-element_type=\"column\" data-e-type=\"column\">\n\t\t\t<div class=\"elementor-widget-wrap\">\n\t\t\t\t\t\t\t<\/div>\n\t\t<\/div>\n\t\t\t\t\t<\/div>\n\t\t<\/section>\n\t\t<div class=\"elementor-element elementor-element-a5370a2 team e-flex e-con-boxed e-con e-parent\" data-id=\"a5370a2\" data-element_type=\"container\" data-e-type=\"container\" id=\"team\">\n\t\t\t\t\t<div class=\"e-con-inner\">\n\t\t\t\t<div class=\"elementor-element elementor-element-1100bac elementor-widget elementor-widget-heading\" data-id=\"1100bac\" data-element_type=\"widget\" data-e-type=\"widget\" data-widget_type=\"heading.default\">\n\t\t\t\t\t<h2 class=\"elementor-heading-title elementor-size-default\">Unser Team<\/h2>\t\t\t\t<\/div>\n\t\t\t\t\t<\/div>\n\t\t\t\t<\/div>\n\t\t<div class=\"elementor-element elementor-element-5b47c46 e-flex e-con-boxed e-con e-parent\" data-id=\"5b47c46\" data-element_type=\"container\" data-e-type=\"container\">\n\t\t\t\t\t<div class=\"e-con-inner\">\n\t\t<div class=\"elementor-element elementor-element-79f14f4 e-con-full e-flex e-con e-child\" data-id=\"79f14f4\" data-element_type=\"container\" data-e-type=\"container\">\n\t\t\t\t<div class=\"elementor-element elementor-element-d67953c elementor-widget elementor-widget-image\" data-id=\"d67953c\" data-element_type=\"widget\" data-e-type=\"widget\" data-widget_type=\"image.default\">\n\t\t\t\t\t\t\t\t\t\t\t\t\t\t\t<img fetchpriority=\"high\" decoding=\"async\" width=\"768\" height=\"1024\" src=\"https:\/\/callandridemallorca.com\/wp-content\/uploads\/2026\/01\/David-scaled.jpeg-768x1024.webp\" class=\"attachment-medium_large size-medium_large wp-image-91230\" alt=\"Wer wir sind\" srcset=\"https:\/\/callandridemallorca.com\/wp-content\/uploads\/2026\/01\/David-scaled.jpeg-768x1024.webp 768w, https:\/\/callandridemallorca.com\/wp-content\/uploads\/2026\/01\/David-scaled.jpeg-225x300.webp 225w, https:\/\/callandridemallorca.com\/wp-content\/uploads\/2026\/01\/David-scaled.jpeg-1152x1536.webp 1152w, https:\/\/callandridemallorca.com\/wp-content\/uploads\/2026\/01\/David-scaled.jpeg-1536x2048.webp 1536w, https:\/\/callandridemallorca.com\/wp-content\/uploads\/2026\/01\/David-scaled.jpeg.webp 1920w\" sizes=\"(max-width: 768px) 100vw, 768px\" \/>\t\t\t\t\t\t\t\t\t\t\t\t\t\t\t<\/div>\n\t\t\t\t<div class=\"elementor-element elementor-element-fa87111 elementor-widget elementor-widget-text-editor\" data-id=\"fa87111\" data-element_type=\"widget\" data-e-type=\"widget\" data-widget_type=\"text-editor.default\">\n\t\t\t\t\t\t\t\t\t<p><strong>DAVID<\/strong><\/p><p>Liebhaber der Insel Mallorca, insbesondere ihrer Geschichte, Kultur und Natur.<\/p><p>Er hat Betriebswirtschaft studiert und ist zertifizierter MTB-Guide sowie Guide f\u00fcr Radrouten. Als Liebhaber von Abenteuersportarten konzentriert er sich auf die Gestaltung von Radrouten, sowohl f\u00fcr Touren in Palma und Umgebung als auch f\u00fcr die Organisation von Ausfl\u00fcgen rund um die Insel. Wir k\u00f6nnen seine Touren als unterhaltsam, nah und vollgepackt mit kuriosen Anekdoten unserer Geschichte zusammenfassen.<br>Lesen, mit Hunden spielen und unsere geliebte Serra de Tramuntana besuchen sind seine gr\u00f6\u00dften Leidenschaften!<\/p>\t\t\t\t\t\t\t\t<\/div>\n\t\t\t\t<\/div>\n\t\t<div class=\"elementor-element elementor-element-991d7f7 e-con-full e-flex e-con e-child\" data-id=\"991d7f7\" data-element_type=\"container\" data-e-type=\"container\">\n\t\t\t\t<div class=\"elementor-element elementor-element-ab52920 elementor-widget elementor-widget-image\" data-id=\"ab52920\" data-element_type=\"widget\" data-e-type=\"widget\" data-widget_type=\"image.default\">\n\t\t\t\t\t\t\t\t\t\t\t\t\t\t\t<img decoding=\"async\" width=\"768\" height=\"1024\" src=\"https:\/\/callandridemallorca.com\/wp-content\/uploads\/2026\/01\/Nacho-scaled.jpeg-768x1024.webp\" class=\"attachment-large size-large wp-image-91231\" alt=\"Wer wir sind\" srcset=\"https:\/\/callandridemallorca.com\/wp-content\/uploads\/2026\/01\/Nacho-scaled.jpeg-768x1024.webp 768w, https:\/\/callandridemallorca.com\/wp-content\/uploads\/2026\/01\/Nacho-scaled.jpeg-225x300.webp 225w, https:\/\/callandridemallorca.com\/wp-content\/uploads\/2026\/01\/Nacho-scaled.jpeg-1152x1536.webp 1152w, https:\/\/callandridemallorca.com\/wp-content\/uploads\/2026\/01\/Nacho-scaled.jpeg-1536x2048.webp 1536w, https:\/\/callandridemallorca.com\/wp-content\/uploads\/2026\/01\/Nacho-scaled.jpeg.webp 1920w\" sizes=\"(max-width: 768px) 100vw, 768px\" \/>\t\t\t\t\t\t\t\t\t\t\t\t\t\t\t<\/div>\n\t\t\t\t<div class=\"elementor-element elementor-element-a9c38f3 elementor-widget elementor-widget-text-editor\" data-id=\"a9c38f3\" data-element_type=\"widget\" data-e-type=\"widget\" data-widget_type=\"text-editor.default\">\n\t\t\t\t\t\t\t\t\t<p><strong>IGNACIO<\/strong><\/p><p>Geboren und aufgewachsen auf Mallorca. Er liebt Fahrr\u00e4der und das Kennenlernen neuer Orte.<\/p><p>Ignacio hat au\u00dferdem einen betriebswirtschaftlichen Abschluss in Madrid und London gemacht. Daher hat er in diesen beiden St\u00e4dten sowie in Augsburg (Deutschland) gelebt, wo er zwei Jahre lang gearbeitet hat. Er spricht flie\u00dfend Englisch und Deutsch und liebt es, neue Leute kennenzulernen. In seiner Freizeit wandert er gerne im Tramuntana-Gebirge, reist und trinkt ein kaltes Bier mit seinen Freunden.<\/p>\t\t\t\t\t\t\t\t<\/div>\n\t\t\t\t<\/div>\n\t\t\t\t\t<\/div>\n\t\t\t\t<\/div>\n\t\t<div class=\"elementor-element elementor-element-d61db18 e-flex e-con-boxed e-con e-parent\" data-id=\"d61db18\" data-element_type=\"container\" data-e-type=\"container\">\n\t\t\t\t\t<div class=\"e-con-inner\">\n\t\t<div class=\"elementor-element elementor-element-7de26b5 e-con-full e-flex e-con e-child\" data-id=\"7de26b5\" data-element_type=\"container\" data-e-type=\"container\">\n\t\t\t\t<div class=\"elementor-element elementor-element-b8973e2 elementor-widget elementor-widget-image\" data-id=\"b8973e2\" data-element_type=\"widget\" data-e-type=\"widget\" data-widget_type=\"image.default\">\n\t\t\t\t\t\t\t\t\t\t\t\t\t\t\t<img decoding=\"async\" width=\"768\" height=\"1024\" src=\"https:\/\/callandridemallorca.com\/wp-content\/uploads\/2026\/01\/IMG-3902-scaled.jpg-768x1024.webp\" class=\"attachment-medium_large size-medium_large wp-image-91232\" alt=\"Wer wir sind\" srcset=\"https:\/\/callandridemallorca.com\/wp-content\/uploads\/2026\/01\/IMG-3902-scaled.jpg-768x1024.webp 768w, https:\/\/callandridemallorca.com\/wp-content\/uploads\/2026\/01\/IMG-3902-scaled.jpg-225x300.webp 225w, https:\/\/callandridemallorca.com\/wp-content\/uploads\/2026\/01\/IMG-3902-scaled.jpg-1152x1536.webp 1152w, https:\/\/callandridemallorca.com\/wp-content\/uploads\/2026\/01\/IMG-3902-scaled.jpg-1536x2048.webp 1536w, https:\/\/callandridemallorca.com\/wp-content\/uploads\/2026\/01\/IMG-3902-scaled.jpg.webp 1920w\" sizes=\"(max-width: 768px) 100vw, 768px\" \/>\t\t\t\t\t\t\t\t\t\t\t\t\t\t\t<\/div>\n\t\t\t\t<div class=\"elementor-element elementor-element-db4fcc3 elementor-widget elementor-widget-text-editor\" data-id=\"db4fcc3\" data-element_type=\"widget\" data-e-type=\"widget\" data-widget_type=\"text-editor.default\">\n\t\t\t\t\t\t\t\t\t<p><strong>JAVIER<\/strong><\/p><p>Geboren und aufgewachsen auf Mallorca. Er ist begeistert vom Reisen und seiner Insel.<\/p><p>Javier ist ein Wirtschaftswissenschaftler, der sein Studium in Madrid absolviert hat. Er studierte auch in Finnland im Rahmen eines Austauschprogramms. Seine Erfahrung im Leben und Besuchen fremder L\u00e4nder vermittelt ihm soziale Kompetenzen, die n\u00fctzlich sind, um sein Wissen \u00fcber Mallorca zu teilen.<\/p>\t\t\t\t\t\t\t\t<\/div>\n\t\t\t\t<\/div>\n\t\t<div class=\"elementor-element elementor-element-254ec08 e-con-full e-flex e-con e-child\" data-id=\"254ec08\" data-element_type=\"container\" data-e-type=\"container\">\n\t\t\t\t<div class=\"elementor-element elementor-element-723bfd1 elementor-widget elementor-widget-image\" data-id=\"723bfd1\" data-element_type=\"widget\" data-e-type=\"widget\" data-widget_type=\"image.default\">\n\t\t\t\t\t\t\t\t\t\t\t\t\t\t\t<img loading=\"lazy\" decoding=\"async\" width=\"768\" height=\"1024\" src=\"https:\/\/callandridemallorca.com\/wp-content\/uploads\/2026\/01\/Luis-scaled.jpeg-768x1024.webp\" class=\"attachment-large size-large wp-image-91233\" alt=\"Wer wir sind\" srcset=\"https:\/\/callandridemallorca.com\/wp-content\/uploads\/2026\/01\/Luis-scaled.jpeg-768x1024.webp 768w, https:\/\/callandridemallorca.com\/wp-content\/uploads\/2026\/01\/Luis-scaled.jpeg-225x300.webp 225w, https:\/\/callandridemallorca.com\/wp-content\/uploads\/2026\/01\/Luis-scaled.jpeg-1152x1536.webp 1152w, https:\/\/callandridemallorca.com\/wp-content\/uploads\/2026\/01\/Luis-scaled.jpeg-1536x2048.webp 1536w, https:\/\/callandridemallorca.com\/wp-content\/uploads\/2026\/01\/Luis-scaled.jpeg.webp 1920w\" sizes=\"(max-width: 768px) 100vw, 768px\" \/>\t\t\t\t\t\t\t\t\t\t\t\t\t\t\t<\/div>\n\t\t\t\t<div class=\"elementor-element elementor-element-023da8a elementor-widget elementor-widget-text-editor\" data-id=\"023da8a\" data-element_type=\"widget\" data-e-type=\"widget\" data-widget_type=\"text-editor.default\">\n\t\t\t\t\t\t\t\t\t<p><strong>LUIS<\/strong><\/p><p>Geboren und aufgewachsen auf Mallorca. Er begeistert sich f\u00fcr Rennr\u00e4der, Mountainbikes und neue Technologien.<\/p><p>Luis studierte Psychologie in Ja\u00e9n und lebte einige Jahre in Irland. Er spricht flie\u00dfend Englisch und kennt jeden versteckten Winkel von Palma. In seiner Freizeit spielt er gerne Videospiele und lernt Mallorca mit dem Fahrrad kennen.<\/p>\t\t\t\t\t\t\t\t<\/div>\n\t\t\t\t<\/div>\n\t\t\t\t\t<\/div>\n\t\t\t\t<\/div>\n\t\t<div class=\"elementor-element elementor-element-dd1ea3a e-flex e-con-boxed e-con e-parent\" data-id=\"dd1ea3a\" data-element_type=\"container\" data-e-type=\"container\">\n\t\t\t\t\t<div class=\"e-con-inner\">\n\t\t<div class=\"elementor-element elementor-element-4cda076 e-con-full e-flex e-con e-child\" data-id=\"4cda076\" data-element_type=\"container\" data-e-type=\"container\">\n\t\t\t\t<div class=\"elementor-element elementor-element-d05e8e8 elementor-widget elementor-widget-image\" data-id=\"d05e8e8\" data-element_type=\"widget\" data-e-type=\"widget\" data-widget_type=\"image.default\">\n\t\t\t\t\t\t\t\t\t\t\t\t\t\t\t<img loading=\"lazy\" decoding=\"async\" width=\"768\" height=\"1024\" src=\"https:\/\/callandridemallorca.com\/wp-content\/uploads\/2026\/01\/Sergio-scaled.jpeg-768x1024.webp\" class=\"attachment-medium_large size-medium_large wp-image-91234\" alt=\"Wer wir sind\" srcset=\"https:\/\/callandridemallorca.com\/wp-content\/uploads\/2026\/01\/Sergio-scaled.jpeg-768x1024.webp 768w, https:\/\/callandridemallorca.com\/wp-content\/uploads\/2026\/01\/Sergio-scaled.jpeg-225x300.webp 225w, https:\/\/callandridemallorca.com\/wp-content\/uploads\/2026\/01\/Sergio-scaled.jpeg-1152x1536.webp 1152w, https:\/\/callandridemallorca.com\/wp-content\/uploads\/2026\/01\/Sergio-scaled.jpeg-1536x2048.webp 1536w, https:\/\/callandridemallorca.com\/wp-content\/uploads\/2026\/01\/Sergio-scaled.jpeg.webp 1920w\" sizes=\"(max-width: 768px) 100vw, 768px\" \/>\t\t\t\t\t\t\t\t\t\t\t\t\t\t\t<\/div>\n\t\t\t\t<div class=\"elementor-element elementor-element-c0e6beb elementor-widget elementor-widget-text-editor\" data-id=\"c0e6beb\" data-element_type=\"widget\" data-e-type=\"widget\" data-widget_type=\"text-editor.default\">\n\t\t\t\t\t\t\t\t\t<p><strong>SERGIO<\/strong><\/p><p>Sergio ist auf Mallorca geboren und aufgewachsen. Er ist begeistert vom Leben und genie\u00dft es wirklich, die Wunder der Insel und ihrer Kultur zu teilen. Offizieller Fremdenf\u00fchrer (GTOIB-2208).<\/p><p>Er hat Sozialp\u00e4dagogik studiert und ist au\u00dferdem ein h\u00f6herer Techniker f\u00fcr F\u00fchrung, Information und touristische Betreuung.<br>In seiner Freizeit verschlingt er B\u00fccher und Kuchen und man findet ihn beim Laufen in den Bergen der Serra de Tramuntana.<\/p>\t\t\t\t\t\t\t\t<\/div>\n\t\t\t\t<\/div>\n\t\t<div class=\"elementor-element elementor-element-e308a1e e-con-full e-flex e-con e-child\" data-id=\"e308a1e\" data-element_type=\"container\" data-e-type=\"container\">\n\t\t\t\t<\/div>\n\t\t\t\t\t<\/div>\n\t\t\t\t<\/div>\n\t\t<div class=\"elementor-element elementor-element-7714d39 e-flex e-con-boxed e-con e-parent\" data-id=\"7714d39\" data-element_type=\"container\" data-e-type=\"container\">\n\t\t\t\t\t<div class=\"e-con-inner\">\n\t\t\t\t<div class=\"elementor-element elementor-element-632cd446 elementor-widget-divider--view-line elementor-widget elementor-widget-divider\" data-id=\"632cd446\" data-element_type=\"widget\" data-e-type=\"widget\" data-widget_type=\"divider.default\">\n\t\t\t\t\t\t\t<div class=\"elementor-divider\">\n\t\t\t<span class=\"elementor-divider-separator\">\n\t\t\t\t\t\t<\/span>\n\t\t<\/div>\n\t\t\t\t\t\t<\/div>\n\t\t\t\t\t<\/div>\n\t\t\t\t<\/div>\n\t\t<div class=\"elementor-element elementor-element-5e097368 e-flex e-con-boxed e-con e-parent\" data-id=\"5e097368\" data-element_type=\"container\" data-e-type=\"container\">\n\t\t\t\t\t<div class=\"e-con-inner\">\n\t\t\t\t<div class=\"elementor-element elementor-element-5553d6dc elementor-widget elementor-widget-google_maps\" data-id=\"5553d6dc\" data-element_type=\"widget\" data-e-type=\"widget\" data-widget_type=\"google_maps.default\">\n\t\t\t\t\t\t\t<div class=\"elementor-custom-embed\">\n\t\t\t<iframe loading=\"lazy\"\n\t\t\t\t\tsrc=\"https:\/\/maps.google.com\/maps?q=Call%26Ride%20Bike%20Rentals%20%26%20Tours&#038;t=m&#038;z=10&#038;output=embed&#038;iwloc=near\"\n\t\t\t\t\ttitle=\"Call&amp;Ride Bike Rentals &amp; Tours\"\n\t\t\t\t\taria-label=\"Call&amp;Ride Bike Rentals &amp; Tours\"\n\t\t\t><\/iframe>\n\t\t<\/div>\n\t\t\t\t\t\t<\/div>\n\t\t\t\t\t<\/div>\n\t\t\t\t<\/div>\n\t\t\t\t<\/div>\n\t\t","protected":false},"excerpt":{"rendered":"<p>\u00dcber uns Unser Team Unser Team DAVID Liebhaber der Insel Mallorca, insbesondere ihrer Geschichte, Kultur und Natur. Er hat Betriebswirtschaft studiert und ist zertifizierter MTB-Guide sowie Guide f\u00fcr Radrouten. Als Liebhaber von Abenteuersportarten konzentriert er sich auf die Gestaltung von Radrouten, sowohl f\u00fcr Touren in Palma und Umgebung als auch f\u00fcr die Organisation von Ausfl\u00fcgen [&hellip;]<\/p>\n","protected":false},"author":1,"featured_media":0,"parent":0,"menu_order":0,"comment_status":"closed","ping_status":"closed","template":"","meta":{"footnotes":""},"class_list":["post-91229","page","type-page","status-publish","hentry"],"_links":{"self":[{"href":"https:\/\/callandridemallorca.com\/de\/wp-json\/wp\/v2\/pages\/91229","targetHints":{"allow":["GET"]}}],"collection":[{"href":"https:\/\/callandridemallorca.com\/de\/wp-json\/wp\/v2\/pages"}],"about":[{"href":"https:\/\/callandridemallorca.com\/de\/wp-json\/wp\/v2\/types\/page"}],"author":[{"embeddable":true,"href":"https:\/\/callandridemallorca.com\/de\/wp-json\/wp\/v2\/users\/1"}],"replies":[{"embeddable":true,"href":"https:\/\/callandridemallorca.com\/de\/wp-json\/wp\/v2\/comments?post=91229"}],"version-history":[{"count":3,"href":"https:\/\/callandridemallorca.com\/de\/wp-json\/wp\/v2\/pages\/91229\/revisions"}],"predecessor-version":[{"id":92018,"href":"https:\/\/callandridemallorca.com\/de\/wp-json\/wp\/v2\/pages\/91229\/revisions\/92018"}],"wp:attachment":[{"href":"https:\/\/callandridemallorca.com\/de\/wp-json\/wp\/v2\/media?parent=91229"}],"curies":[{"name":"wp","href":"https:\/\/api.w.org\/{rel}","templated":true}]}}