{"id":91271,"date":"2026-01-13T12:06:38","date_gmt":"2026-01-13T12:06:38","guid":{"rendered":"https:\/\/conversiona.me\/callandride2025\/hvem-vi-er\/"},"modified":"2026-02-25T11:13:45","modified_gmt":"2026-02-25T11:13:45","slug":"hvem-er-vi","status":"publish","type":"page","link":"https:\/\/callandridemallorca.com\/da\/hvem-er-vi\/","title":{"rendered":"hvem vi er"},"content":{"rendered":"\t\t<div data-elementor-type=\"wp-page\" data-elementor-id=\"91271\" class=\"elementor elementor-91271 elementor-810\" data-elementor-post-type=\"page\">\n\t\t\t\t\t\t<section class=\"elementor-section elementor-top-section elementor-element elementor-element-4544e273 elementor-section-height-min-height elementor-section-items-top elementor-section-boxed elementor-section-height-default\" data-id=\"4544e273\" data-element_type=\"section\" data-e-type=\"section\" data-settings=\"{&quot;background_background&quot;:&quot;classic&quot;}\">\n\t\t\t\t\t\t<div class=\"elementor-container elementor-column-gap-default\">\n\t\t\t\t\t<div class=\"elementor-column elementor-col-50 elementor-top-column elementor-element elementor-element-50e36e8c\" data-id=\"50e36e8c\" data-element_type=\"column\" data-e-type=\"column\">\n\t\t\t<div class=\"elementor-widget-wrap elementor-element-populated\">\n\t\t\t\t\t\t<div class=\"elementor-element elementor-element-60b6d0d3 elementor-widget__width-initial elementor-invisible elementor-widget elementor-widget-heading\" data-id=\"60b6d0d3\" data-element_type=\"widget\" data-e-type=\"widget\" data-settings=\"{&quot;_animation&quot;:&quot;fadeIn&quot;,&quot;_animation_delay&quot;:200}\" data-widget_type=\"heading.default\">\n\t\t\t\t\t<h1 class=\"elementor-heading-title elementor-size-default\">Om os<\/h1>\t\t\t\t<\/div>\n\t\t\t\t<div class=\"elementor-element elementor-element-43c08c6 elementor-align-left elementor-mobile-align-center elementor-widget elementor-widget-button\" data-id=\"43c08c6\" data-element_type=\"widget\" data-e-type=\"widget\" data-widget_type=\"button.default\">\n\t\t\t\t\t\t\t\t\t\t<a class=\"elementor-button elementor-button-link elementor-size-sm\" href=\"#team\">\n\t\t\t\t\t\t<span class=\"elementor-button-content-wrapper\">\n\t\t\t\t\t\t\t\t\t<span class=\"elementor-button-text\">Vores team<\/span>\n\t\t\t\t\t<\/span>\n\t\t\t\t\t<\/a>\n\t\t\t\t\t\t\t\t<\/div>\n\t\t\t\t\t<\/div>\n\t\t<\/div>\n\t\t\t\t<div class=\"elementor-column elementor-col-50 elementor-top-column elementor-element elementor-element-2c4a25f6\" data-id=\"2c4a25f6\" data-element_type=\"column\" data-e-type=\"column\">\n\t\t\t<div class=\"elementor-widget-wrap\">\n\t\t\t\t\t\t\t<\/div>\n\t\t<\/div>\n\t\t\t\t\t<\/div>\n\t\t<\/section>\n\t\t<div class=\"elementor-element elementor-element-a5370a2 team e-flex e-con-boxed e-con e-parent\" data-id=\"a5370a2\" data-element_type=\"container\" data-e-type=\"container\" id=\"team\">\n\t\t\t\t\t<div class=\"e-con-inner\">\n\t\t\t\t<div class=\"elementor-element elementor-element-1100bac elementor-widget elementor-widget-heading\" data-id=\"1100bac\" data-element_type=\"widget\" data-e-type=\"widget\" data-widget_type=\"heading.default\">\n\t\t\t\t\t<h2 class=\"elementor-heading-title elementor-size-default\">Vores team<\/h2>\t\t\t\t<\/div>\n\t\t\t\t\t<\/div>\n\t\t\t\t<\/div>\n\t\t<div class=\"elementor-element elementor-element-5b47c46 e-flex e-con-boxed e-con e-parent\" data-id=\"5b47c46\" data-element_type=\"container\" data-e-type=\"container\">\n\t\t\t\t\t<div class=\"e-con-inner\">\n\t\t<div class=\"elementor-element elementor-element-79f14f4 e-con-full e-flex e-con e-child\" data-id=\"79f14f4\" data-element_type=\"container\" data-e-type=\"container\">\n\t\t\t\t<div class=\"elementor-element elementor-element-d67953c elementor-widget elementor-widget-image\" data-id=\"d67953c\" data-element_type=\"widget\" data-e-type=\"widget\" data-widget_type=\"image.default\">\n\t\t\t\t\t\t\t\t\t\t\t\t\t\t\t<img fetchpriority=\"high\" decoding=\"async\" width=\"768\" height=\"1024\" src=\"https:\/\/callandridemallorca.com\/wp-content\/uploads\/2026\/01\/David-scaled.jpeg-768x1024.webp\" class=\"attachment-medium_large size-medium_large wp-image-91272\" alt=\"hvem vi er\" srcset=\"https:\/\/callandridemallorca.com\/wp-content\/uploads\/2026\/01\/David-scaled.jpeg-768x1024.webp 768w, https:\/\/callandridemallorca.com\/wp-content\/uploads\/2026\/01\/David-scaled.jpeg-225x300.webp 225w, https:\/\/callandridemallorca.com\/wp-content\/uploads\/2026\/01\/David-scaled.jpeg-1152x1536.webp 1152w, https:\/\/callandridemallorca.com\/wp-content\/uploads\/2026\/01\/David-scaled.jpeg-1536x2048.webp 1536w, https:\/\/callandridemallorca.com\/wp-content\/uploads\/2026\/01\/David-scaled.jpeg.webp 1920w\" sizes=\"(max-width: 768px) 100vw, 768px\" \/>\t\t\t\t\t\t\t\t\t\t\t\t\t\t\t<\/div>\n\t\t\t\t<div class=\"elementor-element elementor-element-fa87111 elementor-widget elementor-widget-text-editor\" data-id=\"fa87111\" data-element_type=\"widget\" data-e-type=\"widget\" data-widget_type=\"text-editor.default\">\n\t\t\t\t\t\t\t\t\t<p><strong>DAVID<\/strong><\/p><p>Elsker \u00f8en Mallorca, is\u00e6r dens historie, kultur og natur.<\/p><p>Han studerede erhvervs\u00f8konomi og er certificeret MTB-guide samt guide for cykelruter. Som elsker af eventyr-sportsgrene har han fokuseret p\u00e5 at designe cykelruter b\u00e5de til at give ture i Palma og omegn og til at organisere ture rundt p\u00e5 \u00f8en. Vi kan sammenfatte hans ture som sjove, n\u00e6re og fyldt med nysgerrige anekdoter fra vores historie.<br>L\u00e6sning, leg med hunde og bes\u00f8g i vores elskede Serra de Tramuntana er hans st\u00f8rste lidenskaber!<\/p>\t\t\t\t\t\t\t\t<\/div>\n\t\t\t\t<\/div>\n\t\t<div class=\"elementor-element elementor-element-991d7f7 e-con-full e-flex e-con e-child\" data-id=\"991d7f7\" data-element_type=\"container\" data-e-type=\"container\">\n\t\t\t\t<div class=\"elementor-element elementor-element-ab52920 elementor-widget elementor-widget-image\" data-id=\"ab52920\" data-element_type=\"widget\" data-e-type=\"widget\" data-widget_type=\"image.default\">\n\t\t\t\t\t\t\t\t\t\t\t\t\t\t\t<img decoding=\"async\" width=\"768\" height=\"1024\" src=\"https:\/\/callandridemallorca.com\/wp-content\/uploads\/2026\/01\/Nacho-scaled.jpeg-768x1024.webp\" class=\"attachment-large size-large wp-image-91273\" alt=\"hvem vi er\" srcset=\"https:\/\/callandridemallorca.com\/wp-content\/uploads\/2026\/01\/Nacho-scaled.jpeg-768x1024.webp 768w, https:\/\/callandridemallorca.com\/wp-content\/uploads\/2026\/01\/Nacho-scaled.jpeg-225x300.webp 225w, https:\/\/callandridemallorca.com\/wp-content\/uploads\/2026\/01\/Nacho-scaled.jpeg-1152x1536.webp 1152w, https:\/\/callandridemallorca.com\/wp-content\/uploads\/2026\/01\/Nacho-scaled.jpeg-1536x2048.webp 1536w, https:\/\/callandridemallorca.com\/wp-content\/uploads\/2026\/01\/Nacho-scaled.jpeg.webp 1920w\" sizes=\"(max-width: 768px) 100vw, 768px\" \/>\t\t\t\t\t\t\t\t\t\t\t\t\t\t\t<\/div>\n\t\t\t\t<div class=\"elementor-element elementor-element-a9c38f3 elementor-widget elementor-widget-text-editor\" data-id=\"a9c38f3\" data-element_type=\"widget\" data-e-type=\"widget\" data-widget_type=\"text-editor.default\">\n\t\t\t\t\t\t\t\t\t<p><strong>IGNACIO<\/strong><\/p><p>F\u00f8dt og opvokset p\u00e5 Mallorca. Han elsker cykler og at l\u00e6re nye steder at kende.<\/p><p>Ignacio studerede ogs\u00e5 erhvervs\u00f8konomi i Madrid og London. Derfor har han boet i disse to byer og ogs\u00e5 i Augsburg (Tyskland), hvor han arbejdede i to \u00e5r. Han taler flydende engelsk og tysk og elsker at l\u00e6re nye mennesker at kende. I sin fritid kan han lide at vandre i Tramuntana-bjergene, rejse og drikke en kold \u00f8l med sine venner.<\/p>\t\t\t\t\t\t\t\t<\/div>\n\t\t\t\t<\/div>\n\t\t\t\t\t<\/div>\n\t\t\t\t<\/div>\n\t\t<div class=\"elementor-element elementor-element-d61db18 e-flex e-con-boxed e-con e-parent\" data-id=\"d61db18\" data-element_type=\"container\" data-e-type=\"container\">\n\t\t\t\t\t<div class=\"e-con-inner\">\n\t\t<div class=\"elementor-element elementor-element-7de26b5 e-con-full e-flex e-con e-child\" data-id=\"7de26b5\" data-element_type=\"container\" data-e-type=\"container\">\n\t\t\t\t<div class=\"elementor-element elementor-element-b8973e2 elementor-widget elementor-widget-image\" data-id=\"b8973e2\" data-element_type=\"widget\" data-e-type=\"widget\" data-widget_type=\"image.default\">\n\t\t\t\t\t\t\t\t\t\t\t\t\t\t\t<img decoding=\"async\" width=\"768\" height=\"1024\" src=\"https:\/\/callandridemallorca.com\/wp-content\/uploads\/2026\/01\/IMG-3902-scaled.jpg-768x1024.webp\" class=\"attachment-medium_large size-medium_large wp-image-91274\" alt=\"hvem vi er\" srcset=\"https:\/\/callandridemallorca.com\/wp-content\/uploads\/2026\/01\/IMG-3902-scaled.jpg-768x1024.webp 768w, https:\/\/callandridemallorca.com\/wp-content\/uploads\/2026\/01\/IMG-3902-scaled.jpg-225x300.webp 225w, https:\/\/callandridemallorca.com\/wp-content\/uploads\/2026\/01\/IMG-3902-scaled.jpg-1152x1536.webp 1152w, https:\/\/callandridemallorca.com\/wp-content\/uploads\/2026\/01\/IMG-3902-scaled.jpg-1536x2048.webp 1536w, https:\/\/callandridemallorca.com\/wp-content\/uploads\/2026\/01\/IMG-3902-scaled.jpg.webp 1920w\" sizes=\"(max-width: 768px) 100vw, 768px\" \/>\t\t\t\t\t\t\t\t\t\t\t\t\t\t\t<\/div>\n\t\t\t\t<div class=\"elementor-element elementor-element-db4fcc3 elementor-widget elementor-widget-text-editor\" data-id=\"db4fcc3\" data-element_type=\"widget\" data-e-type=\"widget\" data-widget_type=\"text-editor.default\">\n\t\t\t\t\t\t\t\t\t<p><strong>JAVIER<\/strong><\/p><p>F\u00f8dt og opvokset p\u00e5 Mallorca. Han br\u00e6nder for at rejse og for sin \u00f8.<\/p><p>Javier er \u00f8konom, der studerede sin uddannelse i Madrid. Han studerede ogs\u00e5 i Finland som del af et udvekslingsprogram. Hans erfaring med at bo og bes\u00f8ge fremmede lande giver ham sociale f\u00e6rdigheder, der er nyttige til at dele sin viden om Mallorca.<\/p>\t\t\t\t\t\t\t\t<\/div>\n\t\t\t\t<\/div>\n\t\t<div class=\"elementor-element elementor-element-254ec08 e-con-full e-flex e-con e-child\" data-id=\"254ec08\" data-element_type=\"container\" data-e-type=\"container\">\n\t\t\t\t<div class=\"elementor-element elementor-element-723bfd1 elementor-widget elementor-widget-image\" data-id=\"723bfd1\" data-element_type=\"widget\" data-e-type=\"widget\" data-widget_type=\"image.default\">\n\t\t\t\t\t\t\t\t\t\t\t\t\t\t\t<img loading=\"lazy\" decoding=\"async\" width=\"768\" height=\"1024\" src=\"https:\/\/callandridemallorca.com\/wp-content\/uploads\/2026\/01\/Luis-scaled.jpeg-768x1024.webp\" class=\"attachment-large size-large wp-image-91275\" alt=\"hvem vi er\" srcset=\"https:\/\/callandridemallorca.com\/wp-content\/uploads\/2026\/01\/Luis-scaled.jpeg-768x1024.webp 768w, https:\/\/callandridemallorca.com\/wp-content\/uploads\/2026\/01\/Luis-scaled.jpeg-225x300.webp 225w, https:\/\/callandridemallorca.com\/wp-content\/uploads\/2026\/01\/Luis-scaled.jpeg-1152x1536.webp 1152w, https:\/\/callandridemallorca.com\/wp-content\/uploads\/2026\/01\/Luis-scaled.jpeg-1536x2048.webp 1536w, https:\/\/callandridemallorca.com\/wp-content\/uploads\/2026\/01\/Luis-scaled.jpeg.webp 1920w\" sizes=\"(max-width: 768px) 100vw, 768px\" \/>\t\t\t\t\t\t\t\t\t\t\t\t\t\t\t<\/div>\n\t\t\t\t<div class=\"elementor-element elementor-element-023da8a elementor-widget elementor-widget-text-editor\" data-id=\"023da8a\" data-element_type=\"widget\" data-e-type=\"widget\" data-widget_type=\"text-editor.default\">\n\t\t\t\t\t\t\t\t\t<p><strong>LUIS<\/strong><\/p><p>F\u00f8dt og opvokset p\u00e5 Mallorca. Han br\u00e6nder for landevejs- og mountainbikes og ny teknologi.<\/p><p>Luis studerede psykologi i Ja\u00e9n og boede et par \u00e5r i Irland. Han taler flydende engelsk og kender hvert skjult hj\u00f8rne af Palma. I sin fritid kan han lide at spille videospil og l\u00e6re Mallorca at kende p\u00e5 cykel.<\/p>\t\t\t\t\t\t\t\t<\/div>\n\t\t\t\t<\/div>\n\t\t\t\t\t<\/div>\n\t\t\t\t<\/div>\n\t\t<div class=\"elementor-element elementor-element-dd1ea3a e-flex e-con-boxed e-con e-parent\" data-id=\"dd1ea3a\" data-element_type=\"container\" data-e-type=\"container\">\n\t\t\t\t\t<div class=\"e-con-inner\">\n\t\t<div class=\"elementor-element elementor-element-4cda076 e-con-full e-flex e-con e-child\" data-id=\"4cda076\" data-element_type=\"container\" data-e-type=\"container\">\n\t\t\t\t<div class=\"elementor-element elementor-element-d05e8e8 elementor-widget elementor-widget-image\" data-id=\"d05e8e8\" data-element_type=\"widget\" data-e-type=\"widget\" data-widget_type=\"image.default\">\n\t\t\t\t\t\t\t\t\t\t\t\t\t\t\t<img loading=\"lazy\" decoding=\"async\" width=\"768\" height=\"1024\" src=\"https:\/\/callandridemallorca.com\/wp-content\/uploads\/2026\/01\/Sergio-scaled.jpeg-768x1024.webp\" class=\"attachment-medium_large size-medium_large wp-image-91276\" alt=\"hvem vi er\" srcset=\"https:\/\/callandridemallorca.com\/wp-content\/uploads\/2026\/01\/Sergio-scaled.jpeg-768x1024.webp 768w, https:\/\/callandridemallorca.com\/wp-content\/uploads\/2026\/01\/Sergio-scaled.jpeg-225x300.webp 225w, https:\/\/callandridemallorca.com\/wp-content\/uploads\/2026\/01\/Sergio-scaled.jpeg-1152x1536.webp 1152w, https:\/\/callandridemallorca.com\/wp-content\/uploads\/2026\/01\/Sergio-scaled.jpeg-1536x2048.webp 1536w, https:\/\/callandridemallorca.com\/wp-content\/uploads\/2026\/01\/Sergio-scaled.jpeg.webp 1920w\" sizes=\"(max-width: 768px) 100vw, 768px\" \/>\t\t\t\t\t\t\t\t\t\t\t\t\t\t\t<\/div>\n\t\t\t\t<div class=\"elementor-element elementor-element-c0e6beb elementor-widget elementor-widget-text-editor\" data-id=\"c0e6beb\" data-element_type=\"widget\" data-e-type=\"widget\" data-widget_type=\"text-editor.default\">\n\t\t\t\t\t\t\t\t\t<p><strong>SERGIO<\/strong><\/p><p>F\u00f8dt og opvokset p\u00e5 Mallorca, Sergio br\u00e6nder for livet og nyder virkelig at dele \u00f8ens vidundere og dens kultur. Officiel turistguide (GTOIB-2208).<\/p><p>Han studerede social uddannelse og er ogs\u00e5 overordnet tekniker inden for guide, information og turistassistance.<br>I sin fritid sluger han b\u00f8ger og kager, og du kan finde ham l\u00f8bende i bjergene i Serra de Tramuntana.<\/p>\t\t\t\t\t\t\t\t<\/div>\n\t\t\t\t<\/div>\n\t\t<div class=\"elementor-element elementor-element-e308a1e e-con-full e-flex e-con e-child\" data-id=\"e308a1e\" data-element_type=\"container\" data-e-type=\"container\">\n\t\t\t\t<\/div>\n\t\t\t\t\t<\/div>\n\t\t\t\t<\/div>\n\t\t<div class=\"elementor-element elementor-element-7714d39 e-flex e-con-boxed e-con e-parent\" data-id=\"7714d39\" data-element_type=\"container\" data-e-type=\"container\">\n\t\t\t\t\t<div class=\"e-con-inner\">\n\t\t\t\t<div class=\"elementor-element elementor-element-632cd446 elementor-widget-divider--view-line elementor-widget elementor-widget-divider\" data-id=\"632cd446\" data-element_type=\"widget\" data-e-type=\"widget\" data-widget_type=\"divider.default\">\n\t\t\t\t\t\t\t<div class=\"elementor-divider\">\n\t\t\t<span class=\"elementor-divider-separator\">\n\t\t\t\t\t\t<\/span>\n\t\t<\/div>\n\t\t\t\t\t\t<\/div>\n\t\t\t\t\t<\/div>\n\t\t\t\t<\/div>\n\t\t<div class=\"elementor-element elementor-element-5e097368 e-flex e-con-boxed e-con e-parent\" data-id=\"5e097368\" data-element_type=\"container\" data-e-type=\"container\">\n\t\t\t\t\t<div class=\"e-con-inner\">\n\t\t\t\t<div class=\"elementor-element elementor-element-5553d6dc elementor-widget elementor-widget-google_maps\" data-id=\"5553d6dc\" data-element_type=\"widget\" data-e-type=\"widget\" data-widget_type=\"google_maps.default\">\n\t\t\t\t\t\t\t<div class=\"elementor-custom-embed\">\n\t\t\t<iframe loading=\"lazy\"\n\t\t\t\t\tsrc=\"https:\/\/maps.google.com\/maps?q=Call%26Ride%20Bike%20Rentals%20%26%20Tours&#038;t=m&#038;z=10&#038;output=embed&#038;iwloc=near\"\n\t\t\t\t\ttitle=\"Call&amp;Ride Bike Rentals &amp; Tours\"\n\t\t\t\t\taria-label=\"Call&amp;Ride Bike Rentals &amp; Tours\"\n\t\t\t><\/iframe>\n\t\t<\/div>\n\t\t\t\t\t\t<\/div>\n\t\t\t\t\t<\/div>\n\t\t\t\t<\/div>\n\t\t\t\t<\/div>\n\t\t","protected":false},"excerpt":{"rendered":"<p>Om os Vores team Vores team DAVID Elsker \u00f8en Mallorca, is\u00e6r dens historie, kultur og natur. Han studerede erhvervs\u00f8konomi og er certificeret MTB-guide samt guide for cykelruter. Som elsker af eventyr-sportsgrene har han fokuseret p\u00e5 at designe cykelruter b\u00e5de til at give ture i Palma og omegn og til at organisere ture rundt p\u00e5 \u00f8en. [&hellip;]<\/p>\n","protected":false},"author":1,"featured_media":0,"parent":0,"menu_order":0,"comment_status":"closed","ping_status":"closed","template":"","meta":{"footnotes":""},"class_list":["post-91271","page","type-page","status-publish","hentry"],"_links":{"self":[{"href":"https:\/\/callandridemallorca.com\/da\/wp-json\/wp\/v2\/pages\/91271","targetHints":{"allow":["GET"]}}],"collection":[{"href":"https:\/\/callandridemallorca.com\/da\/wp-json\/wp\/v2\/pages"}],"about":[{"href":"https:\/\/callandridemallorca.com\/da\/wp-json\/wp\/v2\/types\/page"}],"author":[{"embeddable":true,"href":"https:\/\/callandridemallorca.com\/da\/wp-json\/wp\/v2\/users\/1"}],"replies":[{"embeddable":true,"href":"https:\/\/callandridemallorca.com\/da\/wp-json\/wp\/v2\/comments?post=91271"}],"version-history":[{"count":3,"href":"https:\/\/callandridemallorca.com\/da\/wp-json\/wp\/v2\/pages\/91271\/revisions"}],"predecessor-version":[{"id":92021,"href":"https:\/\/callandridemallorca.com\/da\/wp-json\/wp\/v2\/pages\/91271\/revisions\/92021"}],"wp:attachment":[{"href":"https:\/\/callandridemallorca.com\/da\/wp-json\/wp\/v2\/media?parent=91271"}],"curies":[{"name":"wp","href":"https:\/\/api.w.org\/{rel}","templated":true}]}}